{"id":840,"date":"2019-03-11T16:41:59","date_gmt":"2019-03-11T15:41:59","guid":{"rendered":"https:\/\/www.grandhotelhenri.com\/politique-de-confidentialite\/"},"modified":"2019-03-13T01:47:40","modified_gmt":"2019-03-13T00:47:40","slug":"politique-de-confidentialite","status":"publish","type":"page","link":"https:\/\/www.grandhotelhenri.com\/en\/politique-de-confidentialite\/","title":{"rendered":"Politique de confidentialit\u00e9"},"content":{"rendered":"<div class=\"fusion-fullwidth fullwidth-box nonhundred-percent-fullwidth non-hundred-percent-height-scrolling\"  style='background-color: rgba(255,255,255,0);background-position: center center;background-repeat: no-repeat;padding-top:0px;padding-right:0px;padding-bottom:0px;padding-left:0px;'><div class=\"fusion-builder-row fusion-row \"><div  class=\"fusion-layout-column fusion_builder_column fusion_builder_column_1_1 fusion-builder-column-1 fusion-one-full fusion-column-first fusion-column-last 1_1\"  style='margin-top:0px;margin-bottom:0px;'>\n\t\t\t\t\t<div class=\"fusion-column-wrapper\" style=\"padding: 0px 0px 0px 0px;background-position:left top;background-repeat:no-repeat;-webkit-background-size:cover;-moz-background-size:cover;-o-background-size:cover;background-size:cover;\"   data-bg-url=\"\">\n\t\t\t\t\t\t<div class=\"fusion-text\"><h1 style=\"text-align: left;\">Politique de confidentialit\u00e9<\/h1>\n<h1 style=\"font-size: 21px; text-align: left;\">MENTIONS RELATIVES AUX COOKIES<\/h1>\n<h3>Qu\u2019est-ce qu\u2019un cookie et \u00e0 quoi sert-il ?<\/h3>\n<p>Un cookie (ou t\u00e9moin de connexion) est un fichier texte susceptible d\u2019\u00eatre enregistr\u00e9, sous r\u00e9serve de vos choix, dans un espace d\u00e9di\u00e9 du disque dur de votre terminal (ordinateur, tablette \u2026) \u00e0 l\u2019occasion de la consultation d\u2019un service en ligne gr\u00e2ce \u00e0 votre logiciel de navigation.<br \/>\nIl est transmis par le serveur d\u2019un site internet \u00e0 votre navigateur. A chaque cookie est attribu\u00e9 un identifiant anonyme. Le fichier cookie permet \u00e0 son \u00e9metteur d\u2019identifier le terminal dans lequel il est enregistr\u00e9 pendant la dur\u00e9e de validit\u00e9 ou d\u2019enregistrement du cookie concern\u00e9. Un cookie ne permet pas de remonter \u00e0 une personne physique.<br \/>\nLorsque vous consultez notre site, nous pouvons \u00eatre amen\u00e9s \u00e0 installer, sous r\u00e9serve de votre choix, diff\u00e9rents cookies et notamment des cookies publicitaires.<\/p>\n<h3>Quels types de cookies sont d\u00e9pos\u00e9s par le site Web ?<\/h3>\n<p>Ce site ne collecte pas et\/ou ne compile pas de donn\u00e9e personnelle ou d\u2019information obtenue dans le but de les exploiter pour le compte de tiers.<\/p>\n<p>Nous recueillons et conservons uniquement les informations li\u00e9es au trafic sur le site via une solution analytique, de mani\u00e8re anonyme : le nombre de visiteurs uniques, le nombre de pages vues, le pays d\u2019origine de la connexion sur le site, le service d\u2019origine qui en a fourni l\u2019acc\u00e8s (en direct, par un moteur de recherche ou un r\u00e9seau social), le type d\u2019appareil utilis\u00e9 (ordinateur, mobile ou tablette), les articles les plus vus et les plus partag\u00e9s ainsi que l\u2019heure et la date de fr\u00e9quentation.<\/p>\n<h3>Droit de rectification des donn\u00e9es<\/h3>\n<p>Au titre de ce droit, la l\u00e9gislation vous habilite \u00e0 demander la rectification, la mise \u00e0 jour, le verrouillage ou encore l\u2019effacement des donn\u00e9es vous concernant qui peuvent s\u2019av\u00e9rer le cas \u00e9ch\u00e9ant inexactes, erron\u00e9es, incompl\u00e8tes ou obsol\u00e8tes.<\/p>\n<h3>Modification et r\u00e9tention des donn\u00e9es<\/h3>\n<p>Les informations relatives aux visiteurs du site ne seront conserv\u00e9es qu\u2019afin de leur fournir les services requis. Une fois ces services fournis, toutes les informations seront supprim\u00e9es conform\u00e9ment \u00e0 notre politique en la mati\u00e8re et nous nous engageons \u00e0 prot\u00e9ger vos donn\u00e9es personnelles contre toute perte, destruction, l&#8217;alt\u00e9ration, acc\u00e8s ou divulgation non autoris\u00e9e.<\/p>\n<h3>Cookies de Statistiques Google Analytics<\/h3>\n<p>Ces cookies permettent d\u2019\u00e9tablir des statistiques de fr\u00e9quentation du sites et de d\u00e9tecter des probl\u00e8mes de navigation afin de suivre et d\u2019am\u00e9liorer la qualit\u00e9 de nos services.<br \/>\nExercez vos choix selon le navigateur que vous utilisez<\/p>\n<p>Vous pouvez \u00e0 tout moment param\u00e9trer votre navigateur afin d\u2019exprimer et de modifier vos souhaits en mati\u00e8re de cookies et notamment concernant les cookies de statistique. Vous pouvez exprimer vos choix en param\u00e9trant votre navigateur de fa\u00e7on \u00e0 refuser certains cookies.<\/p>\n<p>Si vous refusez nos cookies et ceux de nos partenaires, votre visite ne sera plus comptabilis\u00e9e dans Google Analytics et vous ne pourrez plus b\u00e9n\u00e9ficier d\u2019un certain nombre de fonctionnalit\u00e9s qui sont n\u00e9anmoins n\u00e9cessaires pour naviguer dans certaines de nos pages.<\/p>\n<h3>les cookies de partage des r\u00e9seaux sociaux<\/h3>\n<p>Sur certaines pages figurent des boutons ou modules de r\u00e9seaux sociaux tiers qui vous permettent d\u2019exploiter les fonctionnalit\u00e9s de ces r\u00e9seaux et en particulier de partager des contenus avec d\u2019autres personnes.<br \/>\nLorsque vous vous rendez sur une page internet sur laquelle se trouve un de ces boutons ou modules, votre navigateur peut envoyer des informations au r\u00e9seau social qui peut alors associer cette visualisation \u00e0 votre profil.<\/p>\n<p>Des cookies des r\u00e9seaux sociaux, dont nous n\u2019avons pas la ma\u00eetrise, peuvent \u00eatre alors \u00eatre d\u00e9pos\u00e9s dans votre navigateur par ces r\u00e9seaux. Nous vous invitons \u00e0 consulter les politiques de confidentialit\u00e9 propres \u00e0 chacun de ces sites de r\u00e9seaux sociaux, afin de prendre connaissance des finalit\u00e9s d\u2019utilisation des informations de navigation que peuvent recueillir les r\u00e9seaux sociaux gr\u00e2ce \u00e0 ces boutons et modules.<br \/>\n\u2013 <a href=\"https:\/\/www.facebook.com\/\" target=\"_blank\" rel=\"noopener noreferrer\">Facebook<\/a><br \/>\n\u2013 <a href=\"https:\/\/twitter.com\/\" target=\"_blank\" rel=\"noopener noreferrer\">Twitter<\/a><br \/>\n\u2013 <a href=\"https:\/\/twitter.com\/\" target=\"_blank\" rel=\"noopener noreferrer\">LinkedIn<\/a><\/p>\n<h3>Le param\u00e9trage de votre navigateur Internet<\/h3>\n<p>Chaque navigateur Internet propose ses propres param\u00e8tres de gestion des cookies. Pour savoir de quelle mani\u00e8re modifier vos pr\u00e9f\u00e9rences en mati\u00e8re de cookies, vous trouverez ci-dessous les liens vers l\u2019aide n\u00e9cessaire pour acc\u00e9der au menu de votre navigateur pr\u00e9vu \u00e0 cet effet :<\/p>\n<p>Chrome : <a href=\"https:\/\/support.google.com\/chrome\/answer\/95647?hl=fr\" target=\"_blank\" rel=\"noopener noreferrer\">https:\/\/support.google.com\/chrome\/answer\/95647?hl=fr<\/a><br \/>\nFirefox : <a href=\"https:\/\/support.mozilla.org\/fr\/kb\/activer-desactiver-cookies\" target=\"_blank\" rel=\"noopener noreferrer\">https:\/\/support.mozilla.org\/fr\/kb\/activer-desactiver-cookies<\/a><br \/>\nInternet Explorer : <a href=\"https:\/\/support.microsoft.com\/fr-fr\/help\/17442\/windows-internet-explorer-delete-manage-cookies#ie=ie-11\" target=\"_blank\" rel=\"noopener noreferrer\">https:\/\/support.microsoft.com\/fr-fr\/help\/17442\/windows-internet-explorer-delete-manage-cookies#ie=ie-11<\/a><br \/>\nOpera : <a href=\"http:\/\/help.opera.com\/Windows\/10.20\/fr\/cookies.html\" target=\"_blank\" rel=\"noopener noreferrer\">http:\/\/help.opera.com\/Windows\/10.20\/fr\/cookies.html<\/a><br \/>\nSafari : <a href=\"https:\/\/support.apple.com\/kb\/PH21411?viewlocale=fr_FR&amp;locale=fr_FR\" target=\"_blank\" rel=\"noopener noreferrer\">https:\/\/support.apple.com\/kb\/PH21411?viewlocale=fr_FR&amp;locale=fr_FR<\/a><\/p>\n<\/div><div class=\"fusion-clearfix\"><\/div>\n\n\t\t\t\t\t<\/div>\n\t\t\t\t<\/div><\/div><\/div>\n","protected":false},"excerpt":{"rendered":"","protected":false},"author":1,"featured_media":0,"parent":0,"menu_order":0,"comment_status":"closed","ping_status":"open","template":"","meta":[],"_links":{"self":[{"href":"https:\/\/www.grandhotelhenri.com\/en\/wp-json\/wp\/v2\/pages\/840\/"}],"collection":[{"href":"https:\/\/www.grandhotelhenri.com\/en\/wp-json\/wp\/v2\/pages\/"}],"about":[{"href":"https:\/\/www.grandhotelhenri.com\/en\/wp-json\/wp\/v2\/types\/page\/"}],"author":[{"embeddable":true,"href":"https:\/\/www.grandhotelhenri.com\/en\/wp-json\/wp\/v2\/users\/1\/"}],"replies":[{"embeddable":true,"href":"https:\/\/www.grandhotelhenri.com\/en\/wp-json\/wp\/v2\/comments\/?post=840"}],"version-history":[{"count":1,"href":"https:\/\/www.grandhotelhenri.com\/en\/wp-json\/wp\/v2\/pages\/840\/revisions\/"}],"predecessor-version":[{"id":841,"href":"https:\/\/www.grandhotelhenri.com\/en\/wp-json\/wp\/v2\/pages\/840\/revisions\/841\/"}],"wp:attachment":[{"href":"https:\/\/www.grandhotelhenri.com\/en\/wp-json\/wp\/v2\/media\/?parent=840"}],"curies":[{"name":"wp","href":"https:\/\/api.w.org\/{rel}","templated":true}]}}