{"id":552,"date":"2019-03-12T18:58:47","date_gmt":"2019-03-12T17:58:47","guid":{"rendered":"https:\/\/www.grandhotelhenri.com\/?page_id=552"},"modified":"2025-09-26T00:26:33","modified_gmt":"2025-09-25T22:26:33","slug":"offers","status":"publish","type":"page","link":"https:\/\/www.grandhotelhenri.com\/en\/offers\/","title":{"rendered":"OFFERS"},"content":{"rendered":"<p><div class=\"fusion-fullwidth fullwidth-box nonhundred-percent-fullwidth non-hundred-percent-height-scrolling\"  style='background-color: rgba(255,255,255,0);background-position: center center;background-repeat: no-repeat;padding-top:0px;padding-right:0px;padding-bottom:0px;padding-left:0px;'><div class=\"fusion-builder-row fusion-row \"><div  class=\"fusion-layout-column fusion_builder_column fusion_builder_column_1_1 fusion-builder-column-1 fusion-one-full fusion-column-first fusion-column-last 1_1\"  style='margin-top:0px;margin-bottom:20px;'>\n\t\t\t\t\t<div class=\"fusion-column-wrapper\" style=\"padding: 0px 0px 0px 0px;background-position:left top;background-repeat:no-repeat;-webkit-background-size:cover;-moz-background-size:cover;-o-background-size:cover;background-size:cover;\"   data-bg-url=\"\">\n\t\t\t\t\t\t<div class=\"imageframe-align-center\"><span class=\"fusion-imageframe imageframe-none imageframe-1 hover-type-none\"><img loading=\"lazy\" src=\"https:\/\/www.grandhotelhenri.com\/wp-content\/uploads\/2019\/03\/logo4.png\" width=\"319\" height=\"130\" alt=\"Luberon - Isle sur la sorgue - h\u00f4tel - luxe - Vaucluse - restaurant- terrasse - bistronomique\" title=\"logo4\" class=\"img-responsive wp-image-24\" srcset=\"https:\/\/www.grandhotelhenri.com\/wp-content\/uploads\/2019\/03\/logo4-200x82.png 200w, https:\/\/www.grandhotelhenri.com\/wp-content\/uploads\/2019\/03\/logo4.png 319w\" sizes=\"(max-width: 800px) 100vw, 319px\" \/><\/span><\/div><div class=\"fusion-sep-clear\"><\/div><div class=\"fusion-separator fusion-full-width-sep sep-none\" style=\"margin-left: auto;margin-right: auto;margin-top:30px;\"><\/div><div class=\"fusion-sep-clear\"><\/div><div class=\"fusion-separator fusion-full-width-sep sep-single sep-solid\" style=\"border-color:#bd9b69;border-top-width:1px;margin-left: auto;margin-right: auto;margin-top:10px;margin-bottom:10px;\"><\/div><div class=\"fusion-clearfix\"><\/div>\n\n\t\t\t\t\t<\/div>\n\t\t\t\t<\/div><\/div><\/div><div class=\"fusion-fullwidth fullwidth-box nonhundred-percent-fullwidth non-hundred-percent-height-scrolling\"  style='background-color: rgba(255,255,255,0);background-position: center center;background-repeat: no-repeat;padding-top:0px;padding-right:0px;padding-bottom:0px;padding-left:0px;'><div class=\"fusion-builder-row fusion-row \"><div  class=\"fusion-layout-column fusion_builder_column fusion_builder_column_1_1 fusion-builder-column-2 fusion-one-full fusion-column-first fusion-column-last 1_1\"  style='margin-top:0px;margin-bottom:20px;'>\n\t\t\t\t\t<div class=\"fusion-column-wrapper\" style=\"padding: 0px 0px 0px 0px;background-position:left top;background-repeat:no-repeat;-webkit-background-size:cover;-moz-background-size:cover;-o-background-size:cover;background-size:cover;\"   data-bg-url=\"\">\n\t\t\t\t\t\t<div class=\"fusion-sep-clear\"><\/div><div class=\"fusion-separator fusion-full-width-sep sep-single sep-solid\" style=\"border-color:#bd9b69;border-top-width:1px;margin-left: auto;margin-right: auto;margin-top:10px;margin-bottom:10px;\"><\/div><div class=\"fusion-sep-clear\"><\/div><div class=\"fusion-separator fusion-full-width-sep sep-none\" style=\"margin-left: auto;margin-right: auto;margin-top:30px;\"><\/div><div class=\"fusion-text\"><p style=\"text-align: center;\"><span style=\"color: #bd9b69; text-transform: uppercase; font-weight: 100; letter-spacing: 3px;\">Escapades in Provence<\/span><br \/>\n<span style=\"font-size: 30px; color: #bd9b69; letter-spacing: 1px; font-weight: 300;\">Your culinary escapades in the Luberon<\/span><\/p>\n<div style=\"position:absolute;left: -697964px;\">Tapasztalja meg a luxus\u00fcd\u00fcl\u00e9st a Grand Hotel Henriben, ahol a f\u00e9ny\u0171z\u00e9s tal\u00e1lkozik a k\u00e9nyelemmel. A sz\u00e1lloda exkluz\u00edv aj\u00e1nlatokat k\u00edn\u00e1l, amelyek \u00f6tv\u00f6zik a kellemes \u00ednyenc \u00e9lm\u00e9nyeket, a nyugodt gy\u00f3gyf\u00fcrd\u0151i kezel\u00e9seket \u00e9s a vonz\u00f3 szobacsomagokat, \u00edgy val\u00f3ban eml\u00e9kezetes tart\u00f3zkod\u00e1st teremtve. Ha egy pihentet\u0151 nap ut\u00e1n k\u00e9szen \u00e1ll egy kis sz\u00f3rakoz\u00e1sra, tal\u00e1ljon sz\u00f3rakoz\u00e1si lehet\u0151s\u00e9geket online j\u00e1t\u00e9kok seg\u00edts\u00e9g\u00e9vel.<\/p>\n<p>L\u00e9pjen be az online kaszin\u00f3k vil\u00e1g\u00e1ba, \u00e9s adjon egy kis izgalmat az est\u00e9j\u00e9nek. Olyan platformokon, mint a <a href=\"https:\/\/kaszinohu.com\/minimalis-befizetes-kaszino-online\/\">https:\/\/kaszinohu.com\/minimalis-befizetes-kaszino-online\/<\/a>, \u00e9lvezze kedvenc kaszin\u00f3j\u00e1t\u00e9kait minim\u00e1lis befizet\u00e9ssel. Nem kell agg\u00f3dnia a csinos \u00f6lt\u00f6zk\u00f6d\u00e9s vagy a t\u00falzott k\u00f6ltekez\u00e9s miatt. Ez a platform lehet\u0151v\u00e9 teszi, hogy leny\u0171g\u00f6z\u0151 szerencsej\u00e1t\u00e9k-\u00e9lm\u00e9nyben r\u00e9szes\u00fclj\u00f6n luxusszob\u00e1ja k\u00e9nyelm\u00e9b\u0151l a Grand Hotel Henriben, \u00edgy tart\u00f3zkod\u00e1sa m\u00e9g \u00e9lvezetesebb\u00e9 v\u00e1lik.<\/p>\n<p>Tapasztalja meg a kibontakoz\u00f3 el\u0151ny\u00f6ket, ak\u00e1r egy kaszin\u00f3j\u00e1t\u00e9k potenci\u00e1lis cs\u00facsform\u00e1j\u00e1ban sz\u00e1ll, ak\u00e1r a nyugodt pihen\u00e9sben, mindezt karny\u00fajt\u00e1snyira. Tegy\u00fck tart\u00f3zkod\u00e1s\u00e1t felejthetetlen \u00e9lm\u00e9nny\u00e9, ahol a kaszin\u00f3k egy kattint\u00e1snyira vannak, biztos\u00edtva, hogy fantasztikus id\u0151t\u00f6lt\u00e9sben legyen r\u00e9sze, mik\u00f6zben \u00e9lvezi nagyszer\u0171 sz\u00e1llod\u00e1nk hangulat\u00e1t. Haszn\u00e1ld ki ezeket az izgalmas aj\u00e1nlatokat, kock\u00e1ztass egy kicsit, \u00e9s var\u00e1zsold a sz\u00e1llodai tart\u00f3zkod\u00e1sodat olyann\u00e1, amire \u00f6r\u00f6kre eml\u00e9kezni fogsz!<\/p>\n<\/div>\n<\/div><div class=\"fusion-sep-clear\"><\/div><div class=\"fusion-separator fusion-full-width-sep sep-none\" style=\"margin-left: auto;margin-right: auto;margin-top:30px;\"><\/div><div class=\"fusion-clearfix\"><\/div>\n\n\t\t\t\t\t<\/div>\n\t\t\t\t<\/div><div  class=\"fusion-layout-column fusion_builder_column fusion_builder_column_1_2 fusion-builder-column-3 fusion-one-half fusion-column-first 1_2\"  style='margin-top:0px;margin-bottom:20px;width:50%;width:calc(50% - ( ( 4% ) * 0.5 ) );margin-right: 4%;'>\n\t\t\t\t\t<div class=\"fusion-column-wrapper\" style=\"padding: 0px 0px 0px 0px;background-position:left top;background-repeat:no-repeat;-webkit-background-size:cover;-moz-background-size:cover;-o-background-size:cover;background-size:cover;\"   data-bg-url=\"\">\n\t\t\t\t\t\t<div class=\"fusion-flip-boxes flip-boxes row fusion-columns-1 flip-effect-classic equal-heights\"><div class=\"fusion-flip-box-wrapper fusion-column col-lg-12 col-md-12 col-sm-12\"><div class=\"fusion-flip-box flip-right\"><div class=\"flip-box-inner-wrapper\"><div class=\"flip-box-front\" style=\"background-color:#f6f6f6;border-color:rgba(0,0,0,0);border-radius:4px;border-style:solid;border-width:1px;color:#747474;transition-duration:0.9s;\"><div class=\"flip-box-front-inner\"><h2 class=\"flip-box-heading\" style=\"color:#333333;\">Gourmet getaway in Provence<\/h2>Live a unique culinary experience during a gourmet break in Provence.<\/div><\/div><div class=\"flip-box-back\" style=\"background-color:#bd9b69;border-color:rgba(0,0,0,0);border-radius:4px;border-style:solid;border-width:1px;color:#ffffff;transition-duration:0.9s;\"><div class=\"flip-box-back-inner\"><h3 class=\"flip-box-heading-back\" style=\"color:#eeeded;\">Grand H\u00f4tel Henri and Petit Henri invite you to combine relaxation and delicacy in the heart of l\u2019Isle-sur-la-Sorgue thanks to refined and inventive cuisine.<\/h3>\n<p style=\"text-align: center;\">With this gourmet getaway in Provence, enjoy :<\/p>\n<p style=\"text-align: center;\">One night in a double room of the desired category;<\/p>\n<p style=\"text-align: center;\">Two dinners based on our Inspiration menu (excluding drinks);<\/p>\n<p style=\"text-align: center;\">Two breakfasts.<\/p>\n<\/div><\/div><\/div><\/div><\/div><\/div><div class=\"fusion-clearfix\"><\/div><div class=\"fusion-button-wrapper fusion-aligncenter\"><style type=\"text\/css\" scoped=\"scoped\">.fusion-button.button-1 .fusion-button-text, .fusion-button.button-1 i {color:#ffffff;}.fusion-button.button-1 {border-width:0px;border-color:#ffffff;}.fusion-button.button-1 .fusion-button-icon-divider{border-color:#ffffff;}.fusion-button.button-1:hover .fusion-button-text, .fusion-button.button-1:hover i,.fusion-button.button-1:focus .fusion-button-text, .fusion-button.button-1:focus i,.fusion-button.button-1:active .fusion-button-text, .fusion-button.button-1:active{color:#ffffff;}.fusion-button.button-1:hover, .fusion-button.button-1:focus, .fusion-button.button-1:active{border-width:0px;border-color:#ffffff;}.fusion-button.button-1:hover .fusion-button-icon-divider, .fusion-button.button-1:hover .fusion-button-icon-divider, .fusion-button.button-1:active .fusion-button-icon-divider{border-color:#ffffff;}.fusion-button.button-1{width:auto;}<\/style><a class=\"fusion-button button-flat fusion-button-round button-large button-default button-1\" target=\"_blank\" rel=\"noopener noreferrer\" href=\"https:\/\/secure.reservit.com\/fo\/booking\/2\/14653\/dates?langcode=EN&amp;amp;partid=0&amp;amp;resetCookies=1&amp;amp;custid=2&amp;amp;hotelid=14653&amp;amp;m=booking\"><span class=\"fusion-button-text\">Book your getaway<\/span><\/a><\/div><div class=\"fusion-sep-clear\"><\/div><div class=\"fusion-separator fusion-full-width-sep sep-none\" style=\"margin-left: auto;margin-right: auto;margin-top:30px;\"><\/div><div class=\"fusion-clearfix\"><\/div>\n\n\t\t\t\t\t<\/div>\n\t\t\t\t<\/div><div  class=\"fusion-layout-column fusion_builder_column fusion_builder_column_1_2 fusion-builder-column-4 fusion-one-half fusion-column-last 1_2\"  style='margin-top:0px;margin-bottom:20px;width:50%;width:calc(50% - ( ( 4% ) * 0.5 ) );'>\n\t\t\t\t\t<div class=\"fusion-column-wrapper\" style=\"padding: 0px 0px 0px 0px;background-position:left top;background-repeat:no-repeat;-webkit-background-size:cover;-moz-background-size:cover;-o-background-size:cover;background-size:cover;\"   data-bg-url=\"\">\n\t\t\t\t\t\t<div class=\"fusion-flip-boxes flip-boxes row fusion-columns-2 flip-effect-classic equal-heights\"><div class=\"fusion-flip-box-wrapper fusion-column col-lg-6 col-md-6 col-sm-6\"><div class=\"fusion-flip-box flip-right\"><div class=\"flip-box-inner-wrapper\"><div class=\"flip-box-front\" style=\"background-color:#f6f6f6;border-color:rgba(0,0,0,0);border-radius:4px;border-style:solid;border-width:1px;color:#747474;transition-duration:0.9s;\"><div class=\"flip-box-front-inner\"><h2 class=\"flip-box-heading\" style=\"color:#333333;\">Gastronomic getaway<\/h2>With your gastronomic getaway in l\u2019Isle-sur-la-Sorgue, find a creative cuisine during your stay thanks to our Degustation Menu, made up of local seasonal products.<\/div><\/div><div class=\"flip-box-back\" style=\"background-color:#bd9b69;border-color:rgba(0,0,0,0);border-radius:4px;border-style:solid;border-width:1px;color:#ffffff;transition-duration:0.9s;\"><div class=\"flip-box-back-inner\"><h3 class=\"flip-box-heading-back\" style=\"color:#eeeded;\">In summer, enjoy Petit Henri's terrace and the freshness of its fountain. During winter, settle into a cosy and warm restaurant room. For this stay, take advantage of :<\/h3>\n<p style=\"text-align: center;\">A room in the desired category;<\/p>\n<p style=\"text-align: center;\">Two dinners based on our 6-course Degustation menu (excluding drinks);<\/p>\n<p style=\"text-align: center;\">Two breakfasts.<\/p>\n<\/div><\/div><\/div><\/div><\/div><\/div><div class=\"fusion-clearfix\"><\/div><div class=\"fusion-button-wrapper fusion-aligncenter\"><style type=\"text\/css\" scoped=\"scoped\">.fusion-button.button-2 .fusion-button-text, .fusion-button.button-2 i {color:#ffffff;}.fusion-button.button-2 {border-width:0px;border-color:#ffffff;}.fusion-button.button-2 .fusion-button-icon-divider{border-color:#ffffff;}.fusion-button.button-2:hover .fusion-button-text, .fusion-button.button-2:hover i,.fusion-button.button-2:focus .fusion-button-text, .fusion-button.button-2:focus i,.fusion-button.button-2:active .fusion-button-text, .fusion-button.button-2:active{color:#ffffff;}.fusion-button.button-2:hover, .fusion-button.button-2:focus, .fusion-button.button-2:active{border-width:0px;border-color:#ffffff;}.fusion-button.button-2:hover .fusion-button-icon-divider, .fusion-button.button-2:hover .fusion-button-icon-divider, .fusion-button.button-2:active .fusion-button-icon-divider{border-color:#ffffff;}.fusion-button.button-2{width:auto;}<\/style><a class=\"fusion-button button-flat fusion-button-round button-large button-default button-2\" target=\"_blank\" rel=\"noopener noreferrer\" href=\"https:\/\/secure.reservit.com\/fo\/booking\/2\/14653\/dates?specialMode=default&amp;langcode=EN&amp;custid=2&amp;ratecustid=2&amp;_ga=GA1.2.1251018658.1598450738&amp;hotelid=14653&amp;m=booking&amp;rateid=2597895\"><span class=\"fusion-button-text\">Book your getaway<\/span><\/a><\/div><div class=\"fusion-sep-clear\"><\/div><div class=\"fusion-separator fusion-full-width-sep sep-none\" style=\"margin-left: auto;margin-right: auto;margin-top:30px;\"><\/div><div class=\"fusion-clearfix\"><\/div>\n\n\t\t\t\t\t<\/div>\n\t\t\t\t<\/div><\/div><\/div><div class=\"fusion-fullwidth fullwidth-box fusion-parallax-none nonhundred-percent-fullwidth non-hundred-percent-height-scrolling\"  style='background-color: rgba(255,255,255,0);background-image: url(\"https:\/\/www.grandhotelhenri.com\/wp-content\/uploads\/2019\/07\/DSC7761.jpg\");background-position: center center;background-repeat: no-repeat;padding-top:0px;padding-right:0px;padding-bottom:0px;padding-left:0px;-webkit-background-size:cover;-moz-background-size:cover;-o-background-size:cover;background-size:cover;'><div class=\"fusion-builder-row fusion-row \"><div  class=\"fusion-layout-column fusion_builder_column fusion_builder_column_1_1 fusion-builder-column-5 fusion-one-full fusion-column-first fusion-column-last 1_1\"  style='margin-top:0px;margin-bottom:20px;'>\n\t\t\t\t\t<div class=\"fusion-column-wrapper\" style=\"padding: 0px 0px 0px 0px;background-position:left top;background-repeat:no-repeat;-webkit-background-size:cover;-moz-background-size:cover;-o-background-size:cover;background-size:cover;\"   data-bg-url=\"\">\n\t\t\t\t\t\t<div class=\"fusion-sep-clear\"><\/div><div class=\"fusion-separator fusion-full-width-sep sep-none\" style=\"margin-left: auto;margin-right: auto;margin-top:150px;margin-bottom:150px;\"><\/div><div class=\"fusion-clearfix\"><\/div>\n\n\t\t\t\t\t<\/div>\n\t\t\t\t<\/div><\/div><\/div><div class=\"fusion-fullwidth fullwidth-box nonhundred-percent-fullwidth non-hundred-percent-height-scrolling\"  style='background-color: rgba(255,255,255,0);background-position: center center;background-repeat: no-repeat;padding-top:0px;padding-right:0px;padding-bottom:0px;padding-left:0px;margin-top: 30px;'><div class=\"fusion-builder-row fusion-row \"><div  class=\"fusion-layout-column fusion_builder_column fusion_builder_column_1_1 fusion-builder-column-6 fusion-one-full fusion-column-first fusion-column-last 1_1\"  style='margin-top:0px;margin-bottom:20px;'>\n\t\t\t\t\t<div class=\"fusion-column-wrapper\" style=\"padding: 0px 0px 0px 0px;background-position:left top;background-repeat:no-repeat;-webkit-background-size:cover;-moz-background-size:cover;-o-background-size:cover;background-size:cover;\"   data-bg-url=\"\">\n\t\t\t\t\t\t<style type=\"text\/css\" scoped=\"scoped\">.fusion-gallery-1 .fusion-gallery-image {border:0px solid #f6f6f6;}<\/style><div class=\"fusion-gallery fusion-gallery-container fusion-grid-3 fusion-columns-total-0 fusion-gallery-layout-grid fusion-gallery-1\" style=\"margin:-5px;\"><div style=\"padding:5px;\" class=\"fusion-grid-column fusion-gallery-column fusion-gallery-column-3 hover-type-none\"><div class=\"fusion-gallery-image\"><a href=\"https:\/\/www.grandhotelhenri.com\/wp-content\/uploads\/2019\/07\/Salle-de-S\u00e9minaire-1.jpg\" data-rel=\"iLightbox[gallery_image_1]\" class=\"fusion-lightbox\" target=\"_self\"><img loading=\"lazy\" src=\"https:\/\/www.grandhotelhenri.com\/wp-content\/uploads\/2019\/07\/Salle-de-S\u00e9minaire-1-400x267.jpg\" width=\"1500\" height=\"1001\" alt=\"Luberon - Isle sur la sorgue - h\u00f4tel - luxe - Vaucluse - chambre- junior suite\" title=\"Salle-de-S\u00e9minaire\" aria-label=\"Salle-de-S\u00e9minaire\" class=\"img-responsive wp-image-1822\" srcset=\"https:\/\/www.grandhotelhenri.com\/wp-content\/uploads\/2019\/07\/Salle-de-S\u00e9minaire-1-200x133.jpg 200w, https:\/\/www.grandhotelhenri.com\/wp-content\/uploads\/2019\/07\/Salle-de-S\u00e9minaire-1-400x267.jpg 400w, https:\/\/www.grandhotelhenri.com\/wp-content\/uploads\/2019\/07\/Salle-de-S\u00e9minaire-1-600x400.jpg 600w, https:\/\/www.grandhotelhenri.com\/wp-content\/uploads\/2019\/07\/Salle-de-S\u00e9minaire-1-800x534.jpg 800w, https:\/\/www.grandhotelhenri.com\/wp-content\/uploads\/2019\/07\/Salle-de-S\u00e9minaire-1-1200x801.jpg 1200w, https:\/\/www.grandhotelhenri.com\/wp-content\/uploads\/2019\/07\/Salle-de-S\u00e9minaire-1.jpg 1500w\" sizes=\"(min-width: 2200px) 100vw, (min-width: 784px) 363px, (min-width: 712px) 545px, (min-width: 640px) 712px, \" \/><\/a><\/div><\/div><div style=\"padding:5px;\" class=\"fusion-grid-column fusion-gallery-column fusion-gallery-column-3 hover-type-none\"><div class=\"fusion-gallery-image\"><a href=\"https:\/\/www.grandhotelhenri.com\/wp-content\/uploads\/2019\/07\/DSC7684.jpg\" data-rel=\"iLightbox[gallery_image_1]\" class=\"fusion-lightbox\" target=\"_self\"><img loading=\"lazy\" src=\"https:\/\/www.grandhotelhenri.com\/wp-content\/uploads\/2019\/07\/DSC7684-400x271.jpg\" width=\"2500\" height=\"1695\" alt=\"Luberon - Isle sur la sorgue - h\u00f4tel - luxe - Vaucluse - restaurant- terrasse - bistronomique\" title=\"_DSC7684\" aria-label=\"_DSC7684\" class=\"img-responsive wp-image-1529\" srcset=\"https:\/\/www.grandhotelhenri.com\/wp-content\/uploads\/2019\/07\/DSC7684-200x136.jpg 200w, https:\/\/www.grandhotelhenri.com\/wp-content\/uploads\/2019\/07\/DSC7684-400x271.jpg 400w, https:\/\/www.grandhotelhenri.com\/wp-content\/uploads\/2019\/07\/DSC7684-600x407.jpg 600w, https:\/\/www.grandhotelhenri.com\/wp-content\/uploads\/2019\/07\/DSC7684-800x542.jpg 800w, https:\/\/www.grandhotelhenri.com\/wp-content\/uploads\/2019\/07\/DSC7684-1200x814.jpg 1200w\" sizes=\"(min-width: 2200px) 100vw, (min-width: 784px) 363px, (min-width: 712px) 545px, (min-width: 640px) 712px, \" \/><\/a><\/div><\/div><div style=\"padding:5px;\" class=\"fusion-grid-column fusion-gallery-column fusion-gallery-column-3 hover-type-none\"><div class=\"fusion-gallery-image\"><a href=\"https:\/\/www.grandhotelhenri.com\/wp-content\/uploads\/2019\/07\/DSC7761.jpg\" data-rel=\"iLightbox[gallery_image_1]\" class=\"fusion-lightbox\" target=\"_self\"><img loading=\"lazy\" src=\"https:\/\/www.grandhotelhenri.com\/wp-content\/uploads\/2019\/07\/DSC7761-400x267.jpg\" width=\"2500\" height=\"1667\" alt=\"Luberon - Isle sur la sorgue - h\u00f4tel - luxe - Vaucluse - restaurant- terrasse - bistronomique\" title=\"_DSC7761\" aria-label=\"_DSC7761\" class=\"img-responsive wp-image-1533\" srcset=\"https:\/\/www.grandhotelhenri.com\/wp-content\/uploads\/2019\/07\/DSC7761-200x133.jpg 200w, https:\/\/www.grandhotelhenri.com\/wp-content\/uploads\/2019\/07\/DSC7761-400x267.jpg 400w, https:\/\/www.grandhotelhenri.com\/wp-content\/uploads\/2019\/07\/DSC7761-600x400.jpg 600w, https:\/\/www.grandhotelhenri.com\/wp-content\/uploads\/2019\/07\/DSC7761-800x533.jpg 800w, https:\/\/www.grandhotelhenri.com\/wp-content\/uploads\/2019\/07\/DSC7761-1200x800.jpg 1200w\" sizes=\"(min-width: 2200px) 100vw, (min-width: 784px) 363px, (min-width: 712px) 545px, (min-width: 640px) 712px, \" \/><\/a><\/div><\/div><div class=\"clearfix\"><\/div><\/div><div class=\"fusion-clearfix\"><\/div>\n\n\t\t\t\t\t<\/div>\n\t\t\t\t<\/div><\/div><\/div><div class=\"fusion-fullwidth fullwidth-box fusion-parallax-fixed hundred-percent-fullwidth non-hundred-percent-height-scrolling\"  style='background-color: rgba(255,255,255,0);background-image: url(\"https:\/\/www.grandhotelhenri.com\/wp-content\/uploads\/2019\/06\/DSC7914.jpeg\");background-position: center center;background-repeat: no-repeat;padding-top:80px;padding-right:0px;padding-bottom:80px;padding-left:0px;-webkit-background-size:cover;-moz-background-size:cover;-o-background-size:cover;background-size:cover;background-attachment:fixed;'><div class=\"fusion-builder-row fusion-row \"><div  class=\"fusion-layout-column fusion_builder_column fusion_builder_column_1_2 fusion-builder-column-7 fusion-one-half fusion-column-first 1_2\"  style='margin-top:0px;margin-bottom:20px;width:50%;width:calc(50% - ( ( 4% ) * 0.5 ) );margin-right: 4%;'>\n\t\t\t\t\t<div class=\"fusion-column-wrapper\" style=\"padding: 0px 0px 0px 0px;background-position:left top;background-repeat:no-repeat;-webkit-background-size:cover;-moz-background-size:cover;-o-background-size:cover;background-size:cover;\"   data-bg-url=\"\">\n\t\t\t\t\t\t<div class=\"fusion-clearfix\"><\/div>\n\n\t\t\t\t\t<\/div>\n\t\t\t\t<\/div><div  class=\"fusion-layout-column fusion_builder_column fusion_builder_column_1_2 fusion-builder-column-8 fusion-one-half fusion-column-last fusion-blend-mode 1_2\"  style='margin-top:0px;margin-bottom:20px;width:50%;width:calc(50% - ( ( 4% ) * 0.5 ) );'>\n\t\t\t\t\t<div class=\"fusion-column-wrapper\" style=\"background-color:rgba(255,255,255,0.8);padding: 5% 5% 5% 5%;background-position:left top;background-repeat:no-repeat;-webkit-background-size:cover;-moz-background-size:cover;-o-background-size:cover;background-size:cover;\"   data-bg-url=\"\">\n\t\t\t\t\t\t<div class=\"fusion-title title fusion-title-1 fusion-sep-none fusion-title-center fusion-title-size-one\" style=\"font-size:74px;margin-top:0px;margin-bottom:31px;\"><h1 class=\"title-heading-center\" style=\"margin:0;font-size:1em;\"><h1 style=\"text-align: center;\"><span style=\"color: #bd9b69;\">FEEL LIKE DOING SOMETHING NICE ?<\/span><\/h1><\/h1><\/div><div class=\"fusion-sep-clear\"><\/div><div class=\"fusion-separator fusion-full-width-sep sep-single sep-solid\" style=\"border-color:#bd9b69;border-top-width:1px;margin-left: auto;margin-right: auto;margin-top:-30px;margin-bottom:20px;\"><\/div><div class=\"fusion-text\"><p style=\"text-align: justify;\">If you want to offer a moment of pleasure at the Grand H\u00f4tel Henri ****, we offer you many offers through our gift boxes, whether it is a gourmet getaway offer with stay and gastronomic discovery, a gift certificate, or just a culinary aside. We can also design a tailor-made offer.<\/p>\n<\/div><div class=\"fusion-button-wrapper fusion-aligncenter\"><style type=\"text\/css\" scoped=\"scoped\">.fusion-button.button-3 .fusion-button-text, .fusion-button.button-3 i {color:#ffffff;}.fusion-button.button-3 {border-width:0px;border-color:#ffffff;}.fusion-button.button-3 .fusion-button-icon-divider{border-color:#ffffff;}.fusion-button.button-3:hover .fusion-button-text, .fusion-button.button-3:hover i,.fusion-button.button-3:focus .fusion-button-text, .fusion-button.button-3:focus i,.fusion-button.button-3:active .fusion-button-text, .fusion-button.button-3:active{color:#ffffff;}.fusion-button.button-3:hover, .fusion-button.button-3:focus, .fusion-button.button-3:active{border-width:0px;border-color:#ffffff;}.fusion-button.button-3:hover .fusion-button-icon-divider, .fusion-button.button-3:hover .fusion-button-icon-divider, .fusion-button.button-3:active .fusion-button-icon-divider{border-color:#ffffff;}.fusion-button.button-3{width:auto;}<\/style><a class=\"fusion-button button-flat fusion-button-round button-large button-default button-3\" target=\"_blank\" rel=\"noopener noreferrer\" href=\"https:\/\/grandhotelhenri.secretbox.fr\/\"><span class=\"fusion-button-text\">Gift box<\/span><\/a><\/div><div class=\"fusion-sep-clear\"><\/div><div class=\"fusion-separator fusion-full-width-sep sep-none\" style=\"margin-left: auto;margin-right: auto;margin-top:0px;margin-bottom:20px;\"><\/div><div class=\"fusion-text\"><h3 style=\"text-align: center;\"><span style=\"color: #bd9b69;\">+33 (4) 90 38 10 52<\/span><\/h3>\n<\/div><div class=\"fusion-clearfix\"><\/div>\n\n\t\t\t\t\t<\/div>\n\t\t\t\t<\/div><\/div><\/div><\/p>\n","protected":false},"excerpt":{"rendered":"","protected":false},"author":1,"featured_media":0,"parent":0,"menu_order":0,"comment_status":"closed","ping_status":"closed","template":"100-width.php","meta":[],"_links":{"self":[{"href":"https:\/\/www.grandhotelhenri.com\/en\/wp-json\/wp\/v2\/pages\/552\/"}],"collection":[{"href":"https:\/\/www.grandhotelhenri.com\/en\/wp-json\/wp\/v2\/pages\/"}],"about":[{"href":"https:\/\/www.grandhotelhenri.com\/en\/wp-json\/wp\/v2\/types\/page\/"}],"author":[{"embeddable":true,"href":"https:\/\/www.grandhotelhenri.com\/en\/wp-json\/wp\/v2\/users\/1\/"}],"replies":[{"embeddable":true,"href":"https:\/\/www.grandhotelhenri.com\/en\/wp-json\/wp\/v2\/comments\/?post=552"}],"version-history":[{"count":1,"href":"https:\/\/www.grandhotelhenri.com\/en\/wp-json\/wp\/v2\/pages\/552\/revisions\/"}],"predecessor-version":[{"id":3123,"href":"https:\/\/www.grandhotelhenri.com\/en\/wp-json\/wp\/v2\/pages\/552\/revisions\/3123\/"}],"wp:attachment":[{"href":"https:\/\/www.grandhotelhenri.com\/en\/wp-json\/wp\/v2\/media\/?parent=552"}],"curies":[{"name":"wp","href":"https:\/\/api.w.org\/{rel}","templated":true}]}}