{"id":445,"date":"2019-03-12T15:38:50","date_gmt":"2019-03-12T14:38:50","guid":{"rendered":"https:\/\/www.grandhotelhenri.com\/?page_id=445"},"modified":"2021-06-29T19:05:37","modified_gmt":"2021-06-29T17:05:37","slug":"bar-and-wines","status":"publish","type":"page","link":"https:\/\/www.grandhotelhenri.com\/en\/bar-and-wines\/","title":{"rendered":"BAR AND WINES"},"content":{"rendered":"<p><div class=\"fusion-fullwidth fullwidth-box nonhundred-percent-fullwidth non-hundred-percent-height-scrolling\"  style='background-color: rgba(255,255,255,0);background-position: center center;background-repeat: no-repeat;padding-top:0px;padding-right:0px;padding-bottom:0px;padding-left:0px;'><div class=\"fusion-builder-row fusion-row \"><div  class=\"fusion-layout-column fusion_builder_column fusion_builder_column_1_1 fusion-builder-column-1 fusion-one-full fusion-column-first fusion-column-last 1_1\"  style='margin-top:0px;margin-bottom:20px;'>\n\t\t\t\t\t<div class=\"fusion-column-wrapper\" style=\"padding: 0px 0px 0px 0px;background-position:left top;background-repeat:no-repeat;-webkit-background-size:cover;-moz-background-size:cover;-o-background-size:cover;background-size:cover;\"   data-bg-url=\"\">\n\t\t\t\t\t\t<div class=\"imageframe-align-center\"><span class=\"fusion-imageframe imageframe-none imageframe-1 hover-type-none\"><img loading=\"lazy\" src=\"https:\/\/www.grandhotelhenri.com\/wp-content\/uploads\/2019\/03\/logo4.png\" width=\"319\" height=\"130\" alt=\"Luberon - Isle sur la sorgue - h\u00f4tel - luxe - Vaucluse - restaurant- terrasse - bistronomique\" title=\"logo4\" class=\"img-responsive wp-image-24\" srcset=\"https:\/\/www.grandhotelhenri.com\/wp-content\/uploads\/2019\/03\/logo4-200x82.png 200w, https:\/\/www.grandhotelhenri.com\/wp-content\/uploads\/2019\/03\/logo4.png 319w\" sizes=\"(max-width: 800px) 100vw, 319px\" \/><\/span><\/div><div class=\"fusion-sep-clear\"><\/div><div class=\"fusion-separator fusion-full-width-sep sep-none\" style=\"margin-left: auto;margin-right: auto;margin-top:30px;\"><\/div><div class=\"fusion-text\"><p align=\"justify\">De 11h \u00e0 23h, notre bar et sa terrasse vous accueillent dans une ambiance cosy et chaleureuse, pour vos rendez-vous d\u2019affaires, pour travailler tranquillement ou tout simplement pour profiter d\u2019une belle journ\u00e9e.<\/p>\n<\/div><div class=\"fusion-clearfix\"><\/div>\n\n\t\t\t\t\t<\/div>\n\t\t\t\t<\/div><\/div><\/div><div class=\"fusion-fullwidth fullwidth-box nonhundred-percent-fullwidth non-hundred-percent-height-scrolling\"  style='background-color: rgba(255,255,255,0);background-position: center center;background-repeat: no-repeat;padding-top:0px;padding-right:0px;padding-bottom:0px;padding-left:0px;'><div class=\"fusion-builder-row fusion-row \"><div  class=\"fusion-layout-column fusion_builder_column fusion_builder_column_1_1 fusion-builder-column-2 fusion-one-full fusion-column-first fusion-column-last 1_1\"  style='margin-top:0px;margin-bottom:20px;'>\n\t\t\t\t\t<div class=\"fusion-column-wrapper\" style=\"padding: 0px 0px 0px 0px;background-position:left top;background-repeat:no-repeat;-webkit-background-size:cover;-moz-background-size:cover;-o-background-size:cover;background-size:cover;\"   data-bg-url=\"\">\n\t\t\t\t\t\t<div class=\"fusion-clearfix\"><\/div>\n\n\t\t\t\t\t<\/div>\n\t\t\t\t<\/div><\/div><\/div><div class=\"fusion-fullwidth fullwidth-box fusion-parallax-fixed hundred-percent-fullwidth non-hundred-percent-height-scrolling\"  style='background-color: rgba(255,255,255,0);background-image: url(\"https:\/\/www.grandhotelhenri.com\/wp-content\/uploads\/2019\/05\/DSC_9975-basse-def-Copie.jpeg\");background-position: center center;background-repeat: no-repeat;padding-top:80px;padding-right:0px;padding-bottom:80px;padding-left:0px;-webkit-background-size:cover;-moz-background-size:cover;-o-background-size:cover;background-size:cover;background-attachment:fixed;'><div class=\"fusion-builder-row fusion-row \"><div  class=\"fusion-layout-column fusion_builder_column fusion_builder_column_1_2 fusion-builder-column-3 fusion-one-half fusion-column-first 1_2\"  style='margin-top:0px;margin-bottom:20px;width:50%;width:calc(50% - ( ( 4% ) * 0.5 ) );margin-right: 4%;'>\n\t\t\t\t\t<div class=\"fusion-column-wrapper\" style=\"padding: 0px 0px 0px 0px;background-position:left top;background-repeat:no-repeat;-webkit-background-size:cover;-moz-background-size:cover;-o-background-size:cover;background-size:cover;\"   data-bg-url=\"\">\n\t\t\t\t\t\t<div class=\"fusion-clearfix\"><\/div>\n\n\t\t\t\t\t<\/div>\n\t\t\t\t<\/div><div  class=\"fusion-layout-column fusion_builder_column fusion_builder_column_1_2 fusion-builder-column-4 fusion-one-half fusion-column-last fusion-blend-mode 1_2\"  style='margin-top:0px;margin-bottom:20px;width:50%;width:calc(50% - ( ( 4% ) * 0.5 ) );'>\n\t\t\t\t\t<div class=\"fusion-column-wrapper\" style=\"background-color:rgba(255,255,255,0.8);padding: 5% 5% 5% 5%;background-position:left top;background-repeat:no-repeat;-webkit-background-size:cover;-moz-background-size:cover;-o-background-size:cover;background-size:cover;\"   data-bg-url=\"\">\n\t\t\t\t\t\t<div class=\"fusion-title title fusion-title-1 fusion-sep-none fusion-title-center fusion-title-size-one\" style=\"font-size:74px;margin-top:0px;margin-bottom:31px;\"><h1 class=\"title-heading-center\" style=\"margin:0;font-size:1em;\"><h1 style=\"text-align: center;\"><span style=\"color: #bd9b69;\">Envie de vous d\u00e9tendre autour d\u2019un verre\u00a0?<\/span><\/h1><\/h1><\/div><div class=\"fusion-sep-clear\"><\/div><div class=\"fusion-separator fusion-full-width-sep sep-single sep-solid\" style=\"border-color:#bd9b69;border-top-width:1px;margin-left: auto;margin-right: auto;margin-top:-30px;margin-bottom:20px;\"><\/div><div class=\"fusion-text\"><p style=\"text-align: justify;\">Apr\u00e8s le repas, relaxez vous en d\u00e9gustant un de nos \u00e9lixirs rares s\u00e9lectionn\u00e9s : Cognac\u00a0d\u2019exception, Rhum des 4 coins du monde, Calvados de petits producteurs, Vodka premium,\u00a0Gin envoutant, nos liqueurs de la Maison avignonnaise Manguin ou notre verticale mill\u00e9sim\u00e9e\u00a0de 1970 \u00e0 1980 d\u2019Armagnac de la maison Darroze.<\/p>\n<\/div><div class=\"fusion-button-wrapper fusion-aligncenter\"><style type=\"text\/css\" scoped=\"scoped\">.fusion-button.button-1 .fusion-button-text, .fusion-button.button-1 i {color:#ffffff;}.fusion-button.button-1 {border-width:0px;border-color:#ffffff;}.fusion-button.button-1 .fusion-button-icon-divider{border-color:#ffffff;}.fusion-button.button-1:hover .fusion-button-text, .fusion-button.button-1:hover i,.fusion-button.button-1:focus .fusion-button-text, .fusion-button.button-1:focus i,.fusion-button.button-1:active .fusion-button-text, .fusion-button.button-1:active{color:#ffffff;}.fusion-button.button-1:hover, .fusion-button.button-1:focus, .fusion-button.button-1:active{border-width:0px;border-color:#ffffff;}.fusion-button.button-1:hover .fusion-button-icon-divider, .fusion-button.button-1:hover .fusion-button-icon-divider, .fusion-button.button-1:active .fusion-button-icon-divider{border-color:#ffffff;}.fusion-button.button-1{width:auto;}<\/style><a class=\"fusion-button button-flat fusion-button-round button-large button-default button-1\" target=\"_blank\" rel=\"noopener noreferrer\" href=\"https:\/\/www.grandhotelhenri.com\/wp-content\/uploads\/2021\/05\/Carte-BAR-COCKTAILS-2021.pdf\"><span class=\"fusion-button-text\">Consult bar menu<\/span><\/a><\/div><div class=\"fusion-sep-clear\"><\/div><div class=\"fusion-separator fusion-full-width-sep sep-none\" style=\"margin-left: auto;margin-right: auto;margin-top:0px;margin-bottom:20px;\"><\/div><div class=\"fusion-text\"><h3 style=\"text-align: center;\"><span style=\"color: #bd9b69;\">+33 (4) 90 38 10 52<\/span><\/h3>\n<\/div><div class=\"fusion-clearfix\"><\/div>\n\n\t\t\t\t\t<\/div>\n\t\t\t\t<\/div><\/div><\/div><div class=\"fusion-fullwidth fullwidth-box nonhundred-percent-fullwidth non-hundred-percent-height-scrolling\"  style='background-color: rgba(255,255,255,0);background-position: center center;background-repeat: no-repeat;padding-top:0px;padding-right:0px;padding-bottom:0px;padding-left:0px;margin-top: 20px;'><div class=\"fusion-builder-row fusion-row \"><div  class=\"fusion-layout-column fusion_builder_column fusion_builder_column_1_1 fusion-builder-column-5 fusion-one-full fusion-column-first fusion-column-last 1_1\"  style='margin-top:0px;margin-bottom:20px;'>\n\t\t\t\t\t<div class=\"fusion-column-wrapper\" style=\"padding: 0px 0px 0px 0px;background-position:left top;background-repeat:no-repeat;-webkit-background-size:cover;-moz-background-size:cover;-o-background-size:cover;background-size:cover;\"   data-bg-url=\"\">\n\t\t\t\t\t\t<style type=\"text\/css\" scoped=\"scoped\">.fusion-gallery-1 .fusion-gallery-image {border:0px solid #f6f6f6;}<\/style><div class=\"fusion-gallery fusion-gallery-container fusion-grid-3 fusion-columns-total-0 fusion-gallery-layout-grid fusion-gallery-1\" style=\"margin:-5px;\"><div style=\"padding:5px;\" class=\"fusion-grid-column fusion-gallery-column fusion-gallery-column-3 hover-type-none\"><div class=\"fusion-gallery-image\"><a href=\"https:\/\/www.grandhotelhenri.com\/wp-content\/uploads\/2019\/03\/ban-contact.jpg\" data-rel=\"iLightbox[gallery_image_1]\" class=\"fusion-lightbox\" target=\"_self\"><img loading=\"lazy\" src=\"https:\/\/www.grandhotelhenri.com\/wp-content\/uploads\/2019\/03\/ban-contact-400x267.jpg\" width=\"1500\" height=\"1001\" alt=\"\" title=\"ban-contact\" aria-label=\"ban-contact\" class=\"img-responsive wp-image-821\" srcset=\"https:\/\/www.grandhotelhenri.com\/wp-content\/uploads\/2019\/03\/ban-contact-200x133.jpg 200w, https:\/\/www.grandhotelhenri.com\/wp-content\/uploads\/2019\/03\/ban-contact-400x267.jpg 400w, https:\/\/www.grandhotelhenri.com\/wp-content\/uploads\/2019\/03\/ban-contact-600x400.jpg 600w, https:\/\/www.grandhotelhenri.com\/wp-content\/uploads\/2019\/03\/ban-contact-800x534.jpg 800w, https:\/\/www.grandhotelhenri.com\/wp-content\/uploads\/2019\/03\/ban-contact-1200x801.jpg 1200w, https:\/\/www.grandhotelhenri.com\/wp-content\/uploads\/2019\/03\/ban-contact.jpg 1500w\" sizes=\"(min-width: 2200px) 100vw, (min-width: 784px) 363px, (min-width: 712px) 545px, (min-width: 640px) 712px, \" \/><\/a><\/div><\/div><div style=\"padding:5px;\" class=\"fusion-grid-column fusion-gallery-column fusion-gallery-column-3 hover-type-none\"><div class=\"fusion-gallery-image\"><a href=\"https:\/\/www.grandhotelhenri.com\/wp-content\/uploads\/2019\/03\/bar-02.jpg\" data-rel=\"iLightbox[gallery_image_1]\" class=\"fusion-lightbox\" target=\"_self\"><img loading=\"lazy\" src=\"https:\/\/www.grandhotelhenri.com\/wp-content\/uploads\/2019\/03\/bar-02.jpg\" width=\"400\" height=\"267\" alt=\"Luberon - Isle sur la sorgue - h\u00f4tel - luxe - Vaucluse - restaurant- terrasse - bistronomique\" title=\"bar-02\" aria-label=\"bar-02\" class=\"img-responsive wp-image-437\" srcset=\"https:\/\/www.grandhotelhenri.com\/wp-content\/uploads\/2019\/03\/bar-02-200x134.jpg 200w, https:\/\/www.grandhotelhenri.com\/wp-content\/uploads\/2019\/03\/bar-02.jpg 400w\" sizes=\"(min-width: 2200px) 100vw, (min-width: 784px) 363px, (min-width: 712px) 545px, (min-width: 640px) 712px, \" \/><\/a><\/div><\/div><div style=\"padding:5px;\" class=\"fusion-grid-column fusion-gallery-column fusion-gallery-column-3 hover-type-none\"><div class=\"fusion-gallery-image\"><a href=\"https:\/\/www.grandhotelhenri.com\/wp-content\/uploads\/2019\/03\/bar-01.jpg\" data-rel=\"iLightbox[gallery_image_1]\" class=\"fusion-lightbox\" target=\"_self\"><img loading=\"lazy\" src=\"https:\/\/www.grandhotelhenri.com\/wp-content\/uploads\/2019\/03\/bar-01.jpg\" width=\"400\" height=\"267\" alt=\"Luberon - Isle sur la sorgue - h\u00f4tel - luxe - Vaucluse - restaurant- terrasse - bistronomique\" title=\"bar-01\" aria-label=\"bar-01\" class=\"img-responsive wp-image-435\" srcset=\"https:\/\/www.grandhotelhenri.com\/wp-content\/uploads\/2019\/03\/bar-01-200x134.jpg 200w, https:\/\/www.grandhotelhenri.com\/wp-content\/uploads\/2019\/03\/bar-01.jpg 400w\" sizes=\"(min-width: 2200px) 100vw, (min-width: 784px) 363px, (min-width: 712px) 545px, (min-width: 640px) 712px, \" \/><\/a><\/div><\/div><div class=\"clearfix\"><\/div><\/div><div class=\"fusion-clearfix\"><\/div>\n\n\t\t\t\t\t<\/div>\n\t\t\t\t<\/div><\/div><\/div><div class=\"fusion-fullwidth fullwidth-box fusion-parallax-fixed hundred-percent-fullwidth non-hundred-percent-height-scrolling\"  style='background-color: rgba(0,0,0,0);background-image: url(\"https:\/\/www.grandhotelhenri.com\/wp-content\/uploads\/2019\/03\/DSC_9969-basse-def-.jpeg\");background-position: center center;background-repeat: no-repeat;padding-top:80px;padding-right:0px;padding-bottom:80px;padding-left:0px;-webkit-background-size:cover;-moz-background-size:cover;-o-background-size:cover;background-size:cover;background-attachment:fixed;'><div class=\"fusion-builder-row fusion-row \"><div  class=\"fusion-layout-column fusion_builder_column fusion_builder_column_1_2 fusion-builder-column-6 fusion-one-half fusion-column-first fusion-blend-mode 1_2\"  style='margin-top:0px;margin-bottom:20px;width:50%;width:calc(50% - ( ( 4% ) * 0.5 ) );margin-right: 4%;'>\n\t\t\t\t\t<div class=\"fusion-column-wrapper\" style=\"background-color:rgba(255,255,255,0.8);padding: 5% 5% 5% 5%;background-position:left top;background-repeat:no-repeat;-webkit-background-size:cover;-moz-background-size:cover;-o-background-size:cover;background-size:cover;\"   data-bg-url=\"\">\n\t\t\t\t\t\t<div class=\"fusion-title title fusion-title-2 fusion-sep-none fusion-title-center fusion-title-size-one\" style=\"font-size:74px;margin-top:0px;margin-bottom:31px;\"><h1 class=\"title-heading-center\" style=\"margin:0;font-size:1em;\"><h1 style=\"text-align: center;\"><span style=\"color: #bd9b69;\">Envie de vous d\u00e9tendre autour d\u2019un verre\u00a0?<\/span><\/h1><\/h1><\/div><div class=\"fusion-sep-clear\"><\/div><div class=\"fusion-separator fusion-full-width-sep sep-single sep-solid\" style=\"border-color:#bd9b69;border-top-width:1px;margin-left: auto;margin-right: auto;margin-top:-30px;margin-bottom:20px;\"><\/div><div class=\"fusion-text\"><p style=\"text-align: center;\">Nous vous proposons une s\u00e9lection de vins raffin\u00e9s.<\/p>\n<\/div><div class=\"fusion-button-wrapper fusion-aligncenter\"><style type=\"text\/css\" scoped=\"scoped\">.fusion-button.button-2 .fusion-button-text, .fusion-button.button-2 i {color:#ffffff;}.fusion-button.button-2 {border-width:0px;border-color:#ffffff;}.fusion-button.button-2 .fusion-button-icon-divider{border-color:#ffffff;}.fusion-button.button-2:hover .fusion-button-text, .fusion-button.button-2:hover i,.fusion-button.button-2:focus .fusion-button-text, .fusion-button.button-2:focus i,.fusion-button.button-2:active .fusion-button-text, .fusion-button.button-2:active{color:#ffffff;}.fusion-button.button-2:hover, .fusion-button.button-2:focus, .fusion-button.button-2:active{border-width:0px;border-color:#ffffff;}.fusion-button.button-2:hover .fusion-button-icon-divider, .fusion-button.button-2:hover .fusion-button-icon-divider, .fusion-button.button-2:active .fusion-button-icon-divider{border-color:#ffffff;}.fusion-button.button-2{width:auto;}<\/style><a class=\"fusion-button button-flat fusion-button-round button-large button-default button-2\" target=\"_blank\" rel=\"noopener noreferrer\" href=\"https:\/\/www.grandhotelhenri.com\/wp-content\/uploads\/2021\/05\/Carte-des-Vins-MAI-2021.pdf\"><span class=\"fusion-button-text\">Consult Wines menu<\/span><\/a><\/div><div class=\"fusion-button-wrapper fusion-aligncenter\"><style type=\"text\/css\" scoped=\"scoped\">.fusion-button.button-3 .fusion-button-text, .fusion-button.button-3 i {color:#ffffff;}.fusion-button.button-3 {border-width:0px;border-color:#ffffff;}.fusion-button.button-3 .fusion-button-icon-divider{border-color:#ffffff;}.fusion-button.button-3:hover .fusion-button-text, .fusion-button.button-3:hover i,.fusion-button.button-3:focus .fusion-button-text, .fusion-button.button-3:focus i,.fusion-button.button-3:active .fusion-button-text, .fusion-button.button-3:active{color:#ffffff;}.fusion-button.button-3:hover, .fusion-button.button-3:focus, .fusion-button.button-3:active{border-width:0px;border-color:#ffffff;}.fusion-button.button-3:hover .fusion-button-icon-divider, .fusion-button.button-3:hover .fusion-button-icon-divider, .fusion-button.button-3:active .fusion-button-icon-divider{border-color:#ffffff;}.fusion-button.button-3{width:auto;}<\/style><a class=\"fusion-button button-flat fusion-button-round button-large button-default button-3\" target=\"_blank\" rel=\"noopener noreferrer\" href=\"https:\/\/www.grandhotelhenri.com\/wp-content\/uploads\/2021\/05\/Carte-DIGESTIF-2021.pdf\"><span class=\"fusion-button-text\">Consult Digestives menu<\/span><\/a><\/div><div class=\"fusion-sep-clear\"><\/div><div class=\"fusion-separator fusion-full-width-sep sep-none\" style=\"margin-left: auto;margin-right: auto;margin-top:0px;margin-bottom:20px;\"><\/div><div class=\"fusion-text\"><h3 style=\"text-align: center;\"><span style=\"color: #bd9b69;\">+33 (4) 90 38 10 52<\/span><\/h3>\n<\/div><div class=\"fusion-clearfix\"><\/div>\n\n\t\t\t\t\t<\/div>\n\t\t\t\t<\/div><div  class=\"fusion-layout-column fusion_builder_column fusion_builder_column_1_2 fusion-builder-column-7 fusion-one-half fusion-column-last 1_2\"  style='margin-top:0px;margin-bottom:20px;width:50%;width:calc(50% - ( ( 4% ) * 0.5 ) );'>\n\t\t\t\t\t<div class=\"fusion-column-wrapper\" style=\"padding: 0px 0px 0px 0px;background-position:left top;background-repeat:no-repeat;-webkit-background-size:cover;-moz-background-size:cover;-o-background-size:cover;background-size:cover;\"   data-bg-url=\"\">\n\t\t\t\t\t\t<div class=\"fusion-clearfix\"><\/div>\n\n\t\t\t\t\t<\/div>\n\t\t\t\t<\/div><\/div><\/div><\/p>\n","protected":false},"excerpt":{"rendered":"","protected":false},"author":1,"featured_media":0,"parent":0,"menu_order":0,"comment_status":"closed","ping_status":"closed","template":"100-width.php","meta":[],"_links":{"self":[{"href":"https:\/\/www.grandhotelhenri.com\/en\/wp-json\/wp\/v2\/pages\/445\/"}],"collection":[{"href":"https:\/\/www.grandhotelhenri.com\/en\/wp-json\/wp\/v2\/pages\/"}],"about":[{"href":"https:\/\/www.grandhotelhenri.com\/en\/wp-json\/wp\/v2\/types\/page\/"}],"author":[{"embeddable":true,"href":"https:\/\/www.grandhotelhenri.com\/en\/wp-json\/wp\/v2\/users\/1\/"}],"replies":[{"embeddable":true,"href":"https:\/\/www.grandhotelhenri.com\/en\/wp-json\/wp\/v2\/comments\/?post=445"}],"version-history":[{"count":1,"href":"https:\/\/www.grandhotelhenri.com\/en\/wp-json\/wp\/v2\/pages\/445\/revisions\/"}],"predecessor-version":[{"id":2418,"href":"https:\/\/www.grandhotelhenri.com\/en\/wp-json\/wp\/v2\/pages\/445\/revisions\/2418\/"}],"wp:attachment":[{"href":"https:\/\/www.grandhotelhenri.com\/en\/wp-json\/wp\/v2\/media\/?parent=445"}],"curies":[{"name":"wp","href":"https:\/\/api.w.org\/{rel}","templated":true}]}}